{"id":60,"date":"2025-04-15T10:57:41","date_gmt":"2025-04-15T10:57:41","guid":{"rendered":"http:\/\/welfare.cmsmasters.net\/?page_id=60"},"modified":"2025-04-28T23:32:38","modified_gmt":"2025-04-28T23:32:38","slug":"contacto","status":"publish","type":"page","link":"https:\/\/clinicasadventistas.org\/index.php\/contacto\/","title":{"rendered":"Cont\u00e1ctanos"},"content":{"rendered":"<div id=\"cmsmasters_row_bf9eb46315\" class=\"cmsmasters_row cmsmasters_color_scheme_default cmsmasters_row_top_default cmsmasters_row_bot_default cmsmasters_row_boxed\">\n<div class=\"cmsmasters_row_outer_parent\">\n<div class=\"cmsmasters_row_outer\">\n<div class=\"cmsmasters_row_inner\">\n<div class=\"cmsmasters_row_margin\">\n<div id=\"cmsmasters_column_7e736936bb\" class=\"cmsmasters_column one_half\">\n<div class=\"cmsmasters_column_inner\"><div id=\"cmsmasters_heading_553d83c90b\" class=\"cmsmasters_heading_wrap cmsmasters_heading_align_left\">\n\t<h2 class=\"cmsmasters_heading\">\u00bfNecesitas Asistencia?<\/h2>\n<\/div><div class=\"cmsmasters_text\">\n<div class=\"wpb_text_column wpb_content_element \"><\/div>\n<div class=\"wpb_text_column wpb_content_element \">\n<div class=\"wpb_wrapper\">\n<p>Tu salud y bienestar merecen atenci\u00f3n cercana y oportuna. Si quieres agendar una cita, resolver tus dudas o conocer m\u00e1s sobre nuestros servicios, estamos a solo un mensaje o llamada de distancia. Perm\u00edtenos acompa\u00f1arte en el camino hacia una vida plena y saludable.<\/p>\n<\/div>\n<\/div>\n<\/div>\n<div id=\"cmsmasters_divider_f19453f198\" class=\"cl\"><\/div>\n<div id=\"cmsmasters_divider_8ov7p00vdb\" class=\"cmsmasters_divider cmsmasters_divider_width_long cmsmasters_divider_pos_center\"><\/div><div class=\"cmsmasters_sidebar sidebar_layout_11\"><aside id=\"custom-contact-info-9\" class=\"widget widget_custom_contact_info_entries\"><h3 class=\"widgettitle\">Ciudad Ju\u00e1rez<\/h3><div class=\"adr adress_wrap cmsmasters_theme_icon_user_address\"><span class=\"street-address contact_widget_address\">Camino a San Carlos y Ram\u00f3n N\u00fa\u00f1ez #11509 Las Arcadas, C.P. 32563, Cd. Ju\u00e1rez, Chih.<\/span><\/div><span class=\"contact_widget_time cmsmasters_theme_icon_time\"><span class=\"time\">Lunes - Jueves 09.00 - 19:30 \/ Viernes 09:00 - 16:00<\/span><\/span><span class=\"contact_widget_phone cmsmasters_theme_icon_user_phone\"><span class=\"tel\">(656) 557 0175\u202c<\/span><\/span><\/aside><aside id=\"custom-contact-info-10\" class=\"widget widget_custom_contact_info_entries\"><h3 class=\"widgettitle\">Ciudad Obreg\u00f3n<\/h3><div class=\"adr adress_wrap cmsmasters_theme_icon_user_address\"><span class=\"street-address contact_widget_address\">Calle Fernando Galaz #4708  Entre M. Mex\u00eda y R. Topete. Col. Sonora, C.P. 85198, Ciudad Obreg\u00f3n, Sonora.<\/span><\/div><span class=\"contact_widget_time cmsmasters_theme_icon_time\"><span class=\"time\">Lunes - Jueves 09.00 - 18:00 \/ Viernes 09:00 - 16:00<\/span><\/span><span class=\"contact_widget_phone cmsmasters_theme_icon_user_phone\"><span class=\"tel\">644) 233 5028<\/span><\/span><\/aside><aside id=\"custom-contact-info-11\" class=\"widget widget_custom_contact_info_entries\"><h3 class=\"widgettitle\">Loreto<\/h3><div class=\"adr adress_wrap cmsmasters_theme_icon_user_address\"><span class=\"street-address contact_widget_address\">H\u00e9roes de la Independencia S\/N, Centro, C.P. 23880 Loreto, Baja California Sur.<\/span><\/div><span class=\"contact_widget_time cmsmasters_theme_icon_time\"><span class=\"time\">Lunes - Jueves 10.00 - 14:00 \/ Viernes 10:00 - 14:00<\/span><\/span><span class=\"contact_widget_phone cmsmasters_theme_icon_user_phone\"><span class=\"tel\">(613) 140 2447<\/span><\/span><\/aside><aside id=\"custom-contact-info-13\" class=\"widget widget_custom_contact_info_entries\"><h3 class=\"widgettitle\">Loreto Centro<\/h3><div class=\"adr adress_wrap cmsmasters_theme_icon_user_address\"><span class=\"street-address contact_widget_address\">Benito Ju\u00e1rez S\/N Esq. Emiliano Zapata Colonia Centro, C.P. 23880, Loreto, B.C.S.<\/span><\/div><span class=\"contact_widget_time cmsmasters_theme_icon_time\"><span class=\"time\">Lunes - Jueves 10.00 - 14:00 \/ Viernes 10:00 - 14:00<\/span><\/span><span class=\"contact_widget_phone cmsmasters_theme_icon_user_phone\"><span class=\"tel\">(613) 129 5455<\/span><\/span><\/aside><aside id=\"custom-contact-info-12\" class=\"widget widget_custom_contact_info_entries\"><h3 class=\"widgettitle\">Valle de la Trinidad<\/h3><div class=\"adr adress_wrap cmsmasters_theme_icon_user_address\"><span class=\"street-address contact_widget_address\">Calzada las \u00c1guilas s\/n, Valle de la Trinidad, C.P. 22797, Ensenada, Baja California.<\/span><\/div><span class=\"contact_widget_time cmsmasters_theme_icon_time\"><span class=\"time\">Lunes - Jueves 09.00 - 19.30 \/ Viernes 09:00 - 16:00<\/span><\/span><span class=\"contact_widget_phone cmsmasters_theme_icon_user_phone\"><span class=\"tel\">(646) 287 6854<\/span><\/span><\/aside><div class=\"cl\"><\/div>\n<\/div>\n<\/div><\/div>\n<div id=\"cmsmasters_column_79f5b8e890\" class=\"cmsmasters_column one_half\">\n<div class=\"cmsmasters_column_inner\"><div id=\"cmsmasters_heading_36ea377cdb\" class=\"cmsmasters_heading_wrap cmsmasters_heading_align_left\">\n\t<h2 class=\"cmsmasters_heading\">Cont\u00e1ctanos Hoy<\/h2>\n<\/div>\n<div class=\"cmsmasters_contact_form\">\n<div class=\"wpcf7 no-js\" id=\"wpcf7-f13086-o1\" lang=\"en-US\" dir=\"ltr\" data-wpcf7-id=\"13086\">\n<div class=\"screen-reader-response\"><p role=\"status\" aria-live=\"polite\" aria-atomic=\"true\"><\/p> <ul><\/ul><\/div>\n<form action=\"\/index.php\/wp-json\/wp\/v2\/pages\/60#wpcf7-f13086-o1\" method=\"post\" class=\"wpcf7-form init\" aria-label=\"Contact form\" novalidate=\"novalidate\" data-status=\"init\">\n<fieldset class=\"hidden-fields-container\"><input type=\"hidden\" name=\"_wpcf7\" value=\"13086\" \/><input type=\"hidden\" name=\"_wpcf7_version\" value=\"6.1.2\" \/><input type=\"hidden\" name=\"_wpcf7_locale\" value=\"en_US\" \/><input type=\"hidden\" name=\"_wpcf7_unit_tag\" value=\"wpcf7-f13086-o1\" \/><input type=\"hidden\" name=\"_wpcf7_container_post\" value=\"0\" \/><input type=\"hidden\" name=\"_wpcf7_posted_data_hash\" value=\"\" \/>\n<\/fieldset>\n<div class=\"cmsmasters_row_margin cmsmasters_1212\">\n\t<div class=\"cmsmasters_column one_half\">\n\t\t<p><br \/>\n<span class=\"wpcf7-form-control-wrap\" data-name=\"menu-372\"><select class=\"wpcf7-form-control wpcf7-select\" aria-invalid=\"false\" name=\"menu-372\"><option value=\"Seleccionar Sucursal\">Seleccionar Sucursal<\/option><option value=\"Ciudad Ju\u00e1rez\">Ciudad Ju\u00e1rez<\/option><option value=\"Ciudad Obreg\u00f3n\">Ciudad Obreg\u00f3n<\/option><option value=\"Loreto\">Loreto<\/option><option value=\"Loreto Centro\">Loreto Centro<\/option><option value=\"Valle de la trinidad\">Valle de la trinidad<\/option><\/select><\/span>\n\t\t<\/p>\n\t\t<p><br \/>\n<span class=\"wpcf7-form-control-wrap\" data-name=\"menu-372\"><select class=\"wpcf7-form-control wpcf7-select\" aria-invalid=\"false\" name=\"menu-372\"><option value=\"Seleccionar Especialidad\">Seleccionar Especialidad<\/option><option value=\"Oftalmolog\u00eda\">Oftalmolog\u00eda<\/option><option value=\"Odontolog\u00eda\">Odontolog\u00eda<\/option><option value=\"Psicolog\u00eda\">Psicolog\u00eda<\/option><option value=\"Fisioterapia\">Fisioterapia<\/option><option value=\"Laboratorio Cl\u00ednico\">Laboratorio Cl\u00ednico<\/option><\/select><\/span>\n\t\t<\/p>\n\t\t<p><br \/>\n<span class=\"wpcf7-form-control-wrap\" data-name=\"your-name\"><input size=\"40\" maxlength=\"400\" class=\"wpcf7-form-control wpcf7-text\" aria-invalid=\"false\" placeholder=\"Tu nombre\" value=\"\" type=\"text\" name=\"your-name\" \/><\/span>\n\t\t<\/p>\n\t\t<p><br \/>\n<span class=\"wpcf7-form-control-wrap\" data-name=\"your-email\"><input size=\"40\" maxlength=\"400\" class=\"wpcf7-form-control wpcf7-text\" aria-invalid=\"false\" placeholder=\"Tu Correo Electr\u00f3nico\" value=\"\" type=\"text\" name=\"your-email\" \/><\/span>\n\t\t<\/p>\n\t<\/div>\n\t<div class=\"cmsmasters_column one_half\">\n\t\t<p><br \/>\n<span class=\"wpcf7-form-control-wrap\" data-name=\"menu-372\"><select class=\"wpcf7-form-control wpcf7-select\" aria-invalid=\"false\" name=\"menu-372\"><option value=\"Horarios\">Horarios<\/option><option value=\"7:00 AM\">7:00 AM<\/option><option value=\"08:00 AM\">08:00 AM<\/option><option value=\"9:00 AM\">9:00 AM<\/option><option value=\"10:00 AM\">10:00 AM<\/option><option value=\"11:00 AM\">11:00 AM<\/option><option value=\"12:00 AM\">12:00 AM<\/option><option value=\"1:00 PM\">1:00 PM<\/option><option value=\"2:00 PM\">2:00 PM<\/option><option value=\"3:00 PM\">3:00 PM<\/option><option value=\"4:00 PM\">4:00 PM<\/option><option value=\"5:00 PM\">5:00 PM<\/option><option value=\"6:00 PM\">6:00 PM<\/option><\/select><\/span>\n\t\t<\/p>\n\t\t<p><br \/>\n<span class=\"wpcf7-form-control-wrap\" data-name=\"phone\"><input size=\"40\" maxlength=\"400\" class=\"wpcf7-form-control wpcf7-tel wpcf7-text wpcf7-validates-as-tel\" aria-invalid=\"false\" placeholder=\"Tel\u00e9fono\" value=\"\" type=\"tel\" name=\"phone\" \/><\/span>\n\t\t<\/p>\n\t\t<p><span class=\"wpcf7-form-control-wrap\" data-name=\"date-657\"><input class=\"wpcf7-form-control wpcf7-date wpcf7-validates-as-required wpcf7-validates-as-date\" min=\"2025-01-01\" max=\"2025-12-31\" aria-required=\"true\" aria-invalid=\"false\" value=\"2025-04-30\" type=\"date\" name=\"date-657\" \/><\/span>\n\t\t<\/p>\n\t<\/div>\n<\/div>\n<div class=\"cmsmasters_row_margin cmsmasters_11\">\n\t<div class=\"cmsmasters_column one_first\">\n\t\t<p><br \/>\n<span class=\"wpcf7-form-control-wrap\" data-name=\"your-message\"><textarea cols=\"40\" rows=\"10\" maxlength=\"2000\" class=\"wpcf7-form-control wpcf7-textarea\" aria-invalid=\"false\" placeholder=\"Mensaje*\" name=\"your-message\"><\/textarea><\/span>\n\t\t<\/p>\n\t<\/div>\n\t<div class=\"cmsmasters_column one_first\">\n\t\t<p><input class=\"wpcf7-form-control wpcf7-submit has-spinner\" type=\"submit\" value=\"Agendar Ahora\" \/>\n\t\t<\/p>\n\t<\/div>\n<\/div><div class=\"wpcf7-response-output\" aria-hidden=\"true\"><\/div>\n<\/form>\n<\/div>\n<\/div>\n<\/div><\/div>\n<\/div>\n<\/div>\n<\/div>\n<\/div>\n<\/div>\n\n","protected":false},"excerpt":{"rendered":"","protected":false},"author":1,"featured_media":0,"parent":0,"menu_order":0,"comment_status":"closed","ping_status":"closed","template":"","meta":{"content-type":"","footnotes":""},"class_list":["post-60","page","type-page","status-publish","hentry"],"_links":{"self":[{"href":"https:\/\/clinicasadventistas.org\/index.php\/wp-json\/wp\/v2\/pages\/60","targetHints":{"allow":["GET"]}}],"collection":[{"href":"https:\/\/clinicasadventistas.org\/index.php\/wp-json\/wp\/v2\/pages"}],"about":[{"href":"https:\/\/clinicasadventistas.org\/index.php\/wp-json\/wp\/v2\/types\/page"}],"author":[{"embeddable":true,"href":"https:\/\/clinicasadventistas.org\/index.php\/wp-json\/wp\/v2\/users\/1"}],"replies":[{"embeddable":true,"href":"https:\/\/clinicasadventistas.org\/index.php\/wp-json\/wp\/v2\/comments?post=60"}],"version-history":[{"count":8,"href":"https:\/\/clinicasadventistas.org\/index.php\/wp-json\/wp\/v2\/pages\/60\/revisions"}],"predecessor-version":[{"id":14100,"href":"https:\/\/clinicasadventistas.org\/index.php\/wp-json\/wp\/v2\/pages\/60\/revisions\/14100"}],"wp:attachment":[{"href":"https:\/\/clinicasadventistas.org\/index.php\/wp-json\/wp\/v2\/media?parent=60"}],"curies":[{"name":"wp","href":"https:\/\/api.w.org\/{rel}","templated":true}]}}