{"id":529,"date":"2025-01-20T11:50:56","date_gmt":"2025-01-20T11:50:56","guid":{"rendered":"http:\/\/welfare.cmsmasters.net\/?page_id=529"},"modified":"2025-05-07T16:26:28","modified_gmt":"2025-05-07T16:26:28","slug":"porqueelegrinos","status":"publish","type":"page","link":"https:\/\/clinicasadventistas.org\/index.php\/porqueelegrinos\/","title":{"rendered":"\u00bfPor Qu\u00e9 Elegirnos?"},"content":{"rendered":"<div id=\"cmsmasters_row_92f4be90a3\" class=\"cmsmasters_row cmsmasters_color_scheme_default cmsmasters_row_top_default cmsmasters_row_bot_default cmsmasters_row_boxed\">\n<div class=\"cmsmasters_row_outer_parent\">\n<div class=\"cmsmasters_row_outer\">\n<div class=\"cmsmasters_row_inner\">\n<div class=\"cmsmasters_row_margin\">\n<div id=\"cmsmasters_column_83ec0b9518\" class=\"cmsmasters_column one_half\">\n<div class=\"cmsmasters_column_inner\"><div id=\"cmsmasters_heading_5b16904444\" class=\"cmsmasters_heading_wrap cmsmasters_heading_align_left\">\n\t<h1 class=\"cmsmasters_heading\">\u00bfPor Qu\u00e9 Elegirnos?<\/h1>\n<\/div><div class=\"cmsmasters_text\">\n<p><span style=\"color: #ffffff;\">En la Red de Cl\u00ednicas Adventistas nos comprometemos a cuidar de tu salud integral \u2014 cuerpo, mente y esp\u00edritu. Nuestro enfoque combina excelencia m\u00e9dica, atenci\u00f3n humanizada y principios cristianos, brind\u00e1ndote un servicio \u00e9tico, c\u00e1lido y confiable. Elegirnos es optar por una atenci\u00f3n que pone tu bienestar en primer lugar, con tecnolog\u00eda avanzada y profesionales que sirven con prop\u00f3sito y compasi\u00f3n.<\/span><\/p>\n<\/div>\n<div id=\"cmsmasters_divider_de818bdcc8\" class=\"cl\"><\/div>\n<div id=\"cmsmasters_button_0f0e4e3901\" class=\"button_wrap\"><a href=\"https:\/\/clinicasadventistas.org\/index.php\/especialidades\/\" class=\"cmsmasters_button\"><span>Ver Servicios<\/span><\/a><\/div>\n<\/div><\/div>\n<div id=\"cmsmasters_column_52148c5d6b\" class=\"cmsmasters_column one_half\">\n<div class=\"cmsmasters_column_inner\"><\/div><\/div>\n<\/div>\n<\/div>\n<\/div>\n<\/div>\n<\/div>\n<div id=\"cmsmasters_row_b8a1aa1f72\" class=\"cmsmasters_row cmsmasters_color_scheme_default cmsmasters_row_top_default cmsmasters_row_bot_default cmsmasters_row_boxed\">\n<div class=\"cmsmasters_row_outer_parent\">\n<div class=\"cmsmasters_row_outer\">\n<div class=\"cmsmasters_row_inner\">\n<div class=\"cmsmasters_row_margin\">\n<div id=\"cmsmasters_column_bfd7c3ff06\" class=\"cmsmasters_column one_half\">\n<div class=\"cmsmasters_column_inner\"><div id=\"cmsmasters_heading_8f3b42cd68\" class=\"cmsmasters_heading_wrap cmsmasters_heading_align_left\">\n\t<h3 class=\"cmsmasters_heading\">Profesionales<\/h3>\n<\/div><div id=\"cmsmasters_heading_5a19b8fc1e\" class=\"cmsmasters_heading_wrap cmsmasters_heading_align_left\">\n\t<h3 class=\"cmsmasters_heading\">Bienvenido a Cl\u00ednicas Adventistas<\/h3>\n<\/div><div class=\"cmsmasters_content_slider_wrap\" style=\"max-width:px;\"><div id=\"cmsmasters_slider_25989a1fef\" class=\"cmsmasters_owl_slider owl-carousel cmsmasters_content_slider\" data-auto-play=\"5000\" data-stop-on-hover=\"true\" data-rewind-nav=\"false\" data-slide-speed=\"750\" data-pagination-speed=\"750\" data-rewind-speed=\"1000\" data-transition-style=\"fade\" data-pagination=\"false\" data-navigation=\"true\" data-navigation-prev=\"<span><\/span>\" data-navigation-next=\"<span><\/span>\"><div class=\"cmsmasters_owl_slider_item cmsmasters_content_slider_item\"><img fetchpriority=\"high\" decoding=\"async\" width=\"1920\" height=\"1080\" src=\"https:\/\/clinicasadventistas.org\/wp-content\/uploads\/2025\/04\/slider1.jpg\" class=\"attachment-full size-full\" alt=\"home1\" srcset=\"https:\/\/clinicasadventistas.org\/wp-content\/uploads\/2025\/04\/slider1.jpg 1920w, https:\/\/clinicasadventistas.org\/wp-content\/uploads\/2025\/04\/slider1-600x338.jpg 600w, https:\/\/clinicasadventistas.org\/wp-content\/uploads\/2025\/04\/slider1-300x169.jpg 300w, https:\/\/clinicasadventistas.org\/wp-content\/uploads\/2025\/04\/slider1-1024x576.jpg 1024w, https:\/\/clinicasadventistas.org\/wp-content\/uploads\/2025\/04\/slider1-768x432.jpg 768w, https:\/\/clinicasadventistas.org\/wp-content\/uploads\/2025\/04\/slider1-1536x864.jpg 1536w, https:\/\/clinicasadventistas.org\/wp-content\/uploads\/2025\/04\/slider1-580x326.jpg 580w, https:\/\/clinicasadventistas.org\/wp-content\/uploads\/2025\/04\/slider1-860x484.jpg 860w, https:\/\/clinicasadventistas.org\/wp-content\/uploads\/2025\/04\/slider1-1160x653.jpg 1160w, https:\/\/clinicasadventistas.org\/wp-content\/uploads\/2025\/04\/slider1-1320x743.jpg 1320w\" sizes=\"(max-width: 1920px) 100vw, 1920px\" \/><\/div><div class=\"cmsmasters_owl_slider_item cmsmasters_content_slider_item\"><img decoding=\"async\" width=\"1920\" height=\"1080\" src=\"https:\/\/clinicasadventistas.org\/wp-content\/uploads\/2025\/04\/slider5.jpg\" class=\"attachment-full size-full\" alt=\"home5\" srcset=\"https:\/\/clinicasadventistas.org\/wp-content\/uploads\/2025\/04\/slider5.jpg 1920w, https:\/\/clinicasadventistas.org\/wp-content\/uploads\/2025\/04\/slider5-600x338.jpg 600w, https:\/\/clinicasadventistas.org\/wp-content\/uploads\/2025\/04\/slider5-300x169.jpg 300w, https:\/\/clinicasadventistas.org\/wp-content\/uploads\/2025\/04\/slider5-1024x576.jpg 1024w, https:\/\/clinicasadventistas.org\/wp-content\/uploads\/2025\/04\/slider5-768x432.jpg 768w, https:\/\/clinicasadventistas.org\/wp-content\/uploads\/2025\/04\/slider5-1536x864.jpg 1536w, https:\/\/clinicasadventistas.org\/wp-content\/uploads\/2025\/04\/slider5-580x326.jpg 580w, https:\/\/clinicasadventistas.org\/wp-content\/uploads\/2025\/04\/slider5-860x484.jpg 860w, https:\/\/clinicasadventistas.org\/wp-content\/uploads\/2025\/04\/slider5-1160x653.jpg 1160w, https:\/\/clinicasadventistas.org\/wp-content\/uploads\/2025\/04\/slider5-1320x743.jpg 1320w\" sizes=\"(max-width: 1920px) 100vw, 1920px\" \/><\/div><div class=\"cmsmasters_owl_slider_item cmsmasters_content_slider_item\"><img decoding=\"async\" width=\"1920\" height=\"1080\" src=\"https:\/\/clinicasadventistas.org\/wp-content\/uploads\/2025\/04\/slider2.jpg\" class=\"attachment-full size-full\" alt=\"home2\" srcset=\"https:\/\/clinicasadventistas.org\/wp-content\/uploads\/2025\/04\/slider2.jpg 1920w, https:\/\/clinicasadventistas.org\/wp-content\/uploads\/2025\/04\/slider2-600x338.jpg 600w, https:\/\/clinicasadventistas.org\/wp-content\/uploads\/2025\/04\/slider2-300x169.jpg 300w, https:\/\/clinicasadventistas.org\/wp-content\/uploads\/2025\/04\/slider2-1024x576.jpg 1024w, https:\/\/clinicasadventistas.org\/wp-content\/uploads\/2025\/04\/slider2-768x432.jpg 768w, https:\/\/clinicasadventistas.org\/wp-content\/uploads\/2025\/04\/slider2-1536x864.jpg 1536w, https:\/\/clinicasadventistas.org\/wp-content\/uploads\/2025\/04\/slider2-580x326.jpg 580w, https:\/\/clinicasadventistas.org\/wp-content\/uploads\/2025\/04\/slider2-860x484.jpg 860w, https:\/\/clinicasadventistas.org\/wp-content\/uploads\/2025\/04\/slider2-1160x653.jpg 1160w, https:\/\/clinicasadventistas.org\/wp-content\/uploads\/2025\/04\/slider2-1320x743.jpg 1320w\" sizes=\"(max-width: 1920px) 100vw, 1920px\" \/><\/div><\/div>\n<\/div>\n<\/div><\/div>\n<div id=\"cmsmasters_column_bf987dd11c\" class=\"cmsmasters_column one_half\">\n<div class=\"cmsmasters_column_inner\">\n<div id=\"cmsmasters_divider_109f3e4d70\" class=\"cl\"><\/div>\n<div class=\"cmsmasters_toggles toggles_mode_accordion\">\n<div class=\"cmsmasters_toggle_wrap current_toggle\" data-tags=\"all \">\n<div class=\"cmsmasters_toggle_title\">\n<span class=\"cmsmasters_toggle_plus\">\n<span class=\"cmsmasters_toggle_plus_hor\"><\/span>\n<span class=\"cmsmasters_toggle_plus_vert\"><\/span>\n<\/span>\n<a href=\"#\">Misi\u00f3n<\/a>\n<\/div>\n<div class=\"cmsmasters_toggle\">\n<div class=\"cmsmasters_toggle_inner\">\n<p class=\"p1\">Mostrar el amor de Jes\u00fas brindando servicios de salud con calidad, calidez y compasi\u00f3n.<\/p>\n<\/div>\n<\/div>\n<\/div><div class=\"cmsmasters_toggle_wrap\" data-tags=\"all \">\n<div class=\"cmsmasters_toggle_title\">\n<span class=\"cmsmasters_toggle_plus\">\n<span class=\"cmsmasters_toggle_plus_hor\"><\/span>\n<span class=\"cmsmasters_toggle_plus_vert\"><\/span>\n<\/span>\n<a href=\"#\">Visi\u00f3n<\/a>\n<\/div>\n<div class=\"cmsmasters_toggle\">\n<div class=\"cmsmasters_toggle_inner\">\n<p class=\"p1\">Ser una Red de Cl\u00ednicas Adventistas consolidada y compasiva, que brinda atenci\u00f3n accesible y de calidad para la salud y bienestar integral de la comunidad; con el prop\u00f3sito de compartir y mostrar el ministerio de sanidad, servicio y salvaci\u00f3n de Jes\u00fas.<\/p>\n<\/div>\n<\/div>\n<\/div><div class=\"cmsmasters_toggle_wrap\" data-tags=\"all \">\n<div class=\"cmsmasters_toggle_title\">\n<span class=\"cmsmasters_toggle_plus\">\n<span class=\"cmsmasters_toggle_plus_hor\"><\/span>\n<span class=\"cmsmasters_toggle_plus_vert\"><\/span>\n<\/span>\n<a href=\"#\">Valores<\/a>\n<\/div>\n<div class=\"cmsmasters_toggle\">\n<div class=\"cmsmasters_toggle_inner\">\n<p class=\"p1\">En la identidad visual de la Red de Cl\u00ednicas Adventistas, los valores fundamentales son los principios \u00e9ticos y morales que gu\u00edan todas las interacciones y decisiones. Aqu\u00ed hay una descripci\u00f3n de posibles valores que podr\u00edan formar parte de la identidad visual de la red.<br \/>\nAmor, Compasi\u00f3n, Empat\u00eda, Calidad, Responsabilidad, Resiliencia, Accesibilidad, Asequibilidad, Sostenibilidad, Seguridad.<\/p>\n<\/div>\n<\/div>\n<\/div><\/div>\n<\/div><\/div>\n<\/div>\n<\/div>\n<\/div>\n<\/div>\n<\/div>\n<div id=\"cmsmasters_row_d096d80130\" class=\"cmsmasters_row cmsmasters_color_scheme_default cmsmasters_row_top_default cmsmasters_row_bot_default cmsmasters_row_fullwidth\">\n<div class=\"cmsmasters_row_outer_parent\">\n<div class=\"cmsmasters_row_outer\">\n<div class=\"cmsmasters_row_inner cmsmasters_row_fullwidth\">\n<div class=\"cmsmasters_row_margin\">\n<div id=\"cmsmasters_column_83aed30a7d\" class=\"cmsmasters_column one_first\">\n<div class=\"cmsmasters_column_inner\">\n<div id=\"cmsmasters_divider_4ce85eb417\" class=\"cmsmasters_divider cmsmasters_divider_width_long cmsmasters_divider_pos_center\"><\/div>\n<\/div><\/div>\n<\/div>\n<\/div>\n<\/div>\n<\/div>\n<\/div>\n<div id=\"cmsmasters_row_da1aae964f\" class=\"cmsmasters_row cmsmasters_color_scheme_default cmsmasters_row_top_default cmsmasters_row_bot_default cmsmasters_row_fullwidth\">\n<div class=\"cmsmasters_row_outer_parent\">\n<div class=\"cmsmasters_row_outer\">\n<div class=\"cmsmasters_row_inner cmsmasters_row_fullwidth\">\n<div class=\"cmsmasters_row_margin\">\n<div id=\"cmsmasters_column_7806c03c08\" class=\"cmsmasters_column one_first\">\n<div class=\"cmsmasters_column_inner\">\n<div id=\"cmsmasters_divider_98febcb794\" class=\"cmsmasters_divider cmsmasters_divider_width_long cmsmasters_divider_pos_center\"><\/div>\n<\/div><\/div>\n<\/div>\n<\/div>\n<\/div>\n<\/div>\n<\/div>\n<div id=\"cmsmasters_row_04b0c17818\" class=\"cmsmasters_row cmsmasters_color_scheme_default cmsmasters_row_top_default cmsmasters_row_bot_default cmsmasters_row_boxed\">\n<div class=\"cmsmasters_row_outer_parent\">\n<div class=\"cmsmasters_row_outer\">\n<div class=\"cmsmasters_row_inner\">\n<div class=\"cmsmasters_row_margin\">\n<div id=\"cmsmasters_column_ec40496448\" class=\"cmsmasters_column one_half\">\n<div class=\"cmsmasters_column_inner\"><div id=\"cmsmasters_heading_eb049b7e94\" class=\"cmsmasters_heading_wrap cmsmasters_heading_align_left\">\n\t<h1 class=\"cmsmasters_heading\">Subscribe to Newsletter<\/h1>\n<\/div><div id=\"cmsmasters_heading_3d05efce36\" class=\"cmsmasters_heading_wrap cmsmasters_heading_align_left\">\n\t<h3 class=\"cmsmasters_heading\">Get healthy news and solutions to your problems from our experts!<\/h3>\n<\/div>\n<\/div><\/div>\n<div id=\"cmsmasters_column_e52b21d207\" class=\"cmsmasters_column one_half\">\n<div class=\"cmsmasters_column_inner\">\n<div class=\"cmsmasters_sidebar sidebar_layout_11\"><aside id=\"block-7\" class=\"widget widget_block\">  \n  \n  <div class=\"\n    mailpoet_form_popup_overlay\n      \"><\/div>\n  <div\n    id=\"mailpoet_form_1\"\n    class=\"\n      mailpoet_form\n      mailpoet_form_html\n      mailpoet_form_position_\n      mailpoet_form_animation_\n    \"\n      >\n\n    <style type=\"text\/css\">\n     #mailpoet_form_1 .mailpoet_form {  }\n#mailpoet_form_1 form { margin-bottom: 0; }\n#mailpoet_form_1 p.mailpoet_form_paragraph { margin-bottom: 10px; }\n#mailpoet_form_1 .mailpoet_column_with_background { padding: 10px; }\n#mailpoet_form_1 .mailpoet_form_column:not(:first-child) { margin-left: 20px; }\n#mailpoet_form_1 .mailpoet_paragraph { line-height: 20px; margin-bottom: 20px; }\n#mailpoet_form_1 .mailpoet_segment_label, #mailpoet_form_1 .mailpoet_text_label, #mailpoet_form_1 .mailpoet_textarea_label, #mailpoet_form_1 .mailpoet_select_label, #mailpoet_form_1 .mailpoet_radio_label, #mailpoet_form_1 .mailpoet_checkbox_label, #mailpoet_form_1 .mailpoet_list_label, #mailpoet_form_1 .mailpoet_date_label { display: block; font-weight: normal; }\n#mailpoet_form_1 .mailpoet_text, #mailpoet_form_1 .mailpoet_textarea, #mailpoet_form_1 .mailpoet_select, #mailpoet_form_1 .mailpoet_date_month, #mailpoet_form_1 .mailpoet_date_day, #mailpoet_form_1 .mailpoet_date_year, #mailpoet_form_1 .mailpoet_date { display: block; }\n#mailpoet_form_1 .mailpoet_text, #mailpoet_form_1 .mailpoet_textarea { width: 200px; }\n#mailpoet_form_1 .mailpoet_checkbox {  }\n#mailpoet_form_1 .mailpoet_submit {  }\n#mailpoet_form_1 .mailpoet_divider {  }\n#mailpoet_form_1 .mailpoet_message {  }\n#mailpoet_form_1 .mailpoet_form_loading { width: 30px; text-align: center; line-height: normal; }\n#mailpoet_form_1 .mailpoet_form_loading > span { width: 5px; height: 5px; background-color: #5b5b5b; }\n#mailpoet_form_1 h2.mailpoet-heading { margin: 0 0 20px 0; }\n#mailpoet_form_1 h1.mailpoet-heading { margin: 0 0 10px; }#mailpoet_form_1{border-radius: 25px;text-align: center;}#mailpoet_form_1 form.mailpoet_form {padding: 30px;}#mailpoet_form_1{width: 100%;}#mailpoet_form_1 .mailpoet_message {margin: 0; padding: 0 20px;}\n        #mailpoet_form_1 .mailpoet_validate_success {color: #00d084}\n        #mailpoet_form_1 input.parsley-success {color: #00d084}\n        #mailpoet_form_1 select.parsley-success {color: #00d084}\n        #mailpoet_form_1 textarea.parsley-success {color: #00d084}\n      \n        #mailpoet_form_1 .mailpoet_validate_error {color: #cf2e2e}\n        #mailpoet_form_1 input.parsley-error {color: #cf2e2e}\n        #mailpoet_form_1 select.parsley-error {color: #cf2e2e}\n        #mailpoet_form_1 textarea.textarea.parsley-error {color: #cf2e2e}\n        #mailpoet_form_1 .parsley-errors-list {color: #cf2e2e}\n        #mailpoet_form_1 .parsley-required {color: #cf2e2e}\n        #mailpoet_form_1 .parsley-custom-error-message {color: #cf2e2e}\n      #mailpoet_form_1 .mailpoet_paragraph.last {margin-bottom: 0} @media (max-width: 500px) {#mailpoet_form_1 {background-image: none;}} @media (min-width: 500px) {#mailpoet_form_1 .last .mailpoet_paragraph:last-child {margin-bottom: 0}}  @media (max-width: 500px) {#mailpoet_form_1 .mailpoet_form_column:last-child .mailpoet_paragraph:last-child {margin-bottom: 0}} \n    <\/style>\n\n    <form\n      target=\"_self\"\n      method=\"post\"\n      action=\"https:\/\/clinicasadventistas.org\/wp-admin\/admin-post.php?action=mailpoet_subscription_form\"\n      class=\"mailpoet_form mailpoet_form_form mailpoet_form_html\"\n      novalidate\n      data-delay=\"\"\n      data-exit-intent-enabled=\"\"\n      data-font-family=\"\"\n      data-cookie-expiration-time=\"\"\n    >\n      <input type=\"hidden\" name=\"data[form_id]\" value=\"1\" \/>\n      <input type=\"hidden\" name=\"token\" value=\"1072a8e5d4\" \/>\n      <input type=\"hidden\" name=\"api_version\" value=\"v1\" \/>\n      <input type=\"hidden\" name=\"endpoint\" value=\"subscribers\" \/>\n      <input type=\"hidden\" name=\"mailpoet_method\" value=\"subscribe\" \/>\n\n      <label class=\"mailpoet_hp_email_label\" style=\"display: none !important;\">Por favor, deja este campo vac\u00edo<input type=\"email\" name=\"data[email]\"\/><\/label><div class='mailpoet_spacer' style='height: 1px;'><\/div>\n<h2 class=\"mailpoet-heading  mailpoet-has-font-size\" style=\"text-align: center; color: #ffffff; font-size: 20px; line-height: 1.5\"><strong>Hola, \ud83d\udc4b<br>Encantados de conocerte.<\/strong><\/h2>\n<h2 class=\"mailpoet-heading  mailpoet-has-font-size\" style=\"text-align: center; color: #ffffff; font-size: 18px; line-height: 1.5\"><strong>Reg\u00edstrate para recibir informaci\u00f3n valiosa sobre salud y bienestar en tu bandeja de entrada, cada mes.<\/strong><\/h2>\n<div class='mailpoet_spacer' style='height: 1px;'><\/div>\n<div class=\"mailpoet_paragraph \"><input type=\"email\" autocomplete=\"email\" class=\"mailpoet_text\" id=\"form_email_1\" name=\"data[form_field_MTU1NDk0ZWE5OWRiX2VtYWls]\" title=\"Direcci\u00f3n de correo electr\u00f3nico\" value=\"\" style=\"width:100%;box-sizing:border-box;background-color:#f1f1f1;border-style:solid;border-radius:40px !important;border-width:0px;border-color:#313131;padding:15px;margin: 0 auto;font-family:&#039;Montserrat&#039;;font-size:16px;line-height:1.5;height:auto;\" data-automation-id=\"form_email\"  placeholder=\"Direcci\u00f3n de correo electr\u00f3nico *\" aria-label=\"Direcci\u00f3n de correo electr\u00f3nico *\" data-parsley-errors-container=\".mailpoet_error_1ixin\" data-parsley-required=\"true\" required aria-required=\"true\" data-parsley-minlength=\"6\" data-parsley-maxlength=\"150\" data-parsley-type-message=\"Este valor debe ser un correo electr\u00f3nico v\u00e1lido.\" data-parsley-required-message=\"Este campo es obligatorio.\"\/><span class=\"mailpoet_error_1ixin\"><\/span><\/div>\n<div class=\"mailpoet_paragraph \"><input type=\"submit\" class=\"mailpoet_submit\" value=\"!Suscr\u00edbete Ahora!\" data-automation-id=\"subscribe-submit-button\" data-font-family='Montserrat' style=\"width:100%;box-sizing:border-box;background-color:#ffffff;border-style:solid;border-radius:40px !important;border-width:0px;border-color:#313131;padding:15px;margin: 0 auto;font-family:&#039;Montserrat&#039;;font-size:20px;line-height:1.5;height:auto;color:#0693e3;font-weight:bold;\" \/><span class=\"mailpoet_form_loading\"><span class=\"mailpoet_bounce1\"><\/span><span class=\"mailpoet_bounce2\"><\/span><span class=\"mailpoet_bounce3\"><\/span><\/span><\/div>\n<p class=\"mailpoet_form_paragraph  mailpoet-has-font-size\" style=\"text-align: center; font-size: 13px; line-height: 1.5\"><em>\u00a1No hacemos spam! Lee nuestra <a href=\"#\">pol\u00edtica de privacidad<\/a> para obtener m\u00e1s informaci\u00f3n.<\/em><\/p>\n\n      <div class=\"mailpoet_message\">\n        <p class=\"mailpoet_validate_success\"\n                style=\"display:none;\"\n                >Revisa tu bandeja de entrada o la carpeta de spam para confirmar tu suscripci\u00f3n.\n        <\/p>\n        <p class=\"mailpoet_validate_error\"\n                style=\"display:none;\"\n                >        <\/p>\n      <\/div>\n    <\/form>\n\n      <\/div>\n\n  <\/aside><div class=\"cl\"><\/div>\n<\/div>\n<\/div><\/div>\n<\/div>\n<\/div>\n<\/div>\n<\/div>\n<\/div>\n\n","protected":false},"excerpt":{"rendered":"","protected":false},"author":1,"featured_media":0,"parent":0,"menu_order":0,"comment_status":"closed","ping_status":"closed","template":"","meta":{"content-type":"","footnotes":""},"class_list":["post-529","page","type-page","status-publish","hentry"],"_links":{"self":[{"href":"https:\/\/clinicasadventistas.org\/index.php\/wp-json\/wp\/v2\/pages\/529","targetHints":{"allow":["GET"]}}],"collection":[{"href":"https:\/\/clinicasadventistas.org\/index.php\/wp-json\/wp\/v2\/pages"}],"about":[{"href":"https:\/\/clinicasadventistas.org\/index.php\/wp-json\/wp\/v2\/types\/page"}],"author":[{"embeddable":true,"href":"https:\/\/clinicasadventistas.org\/index.php\/wp-json\/wp\/v2\/users\/1"}],"replies":[{"embeddable":true,"href":"https:\/\/clinicasadventistas.org\/index.php\/wp-json\/wp\/v2\/comments?post=529"}],"version-history":[{"count":34,"href":"https:\/\/clinicasadventistas.org\/index.php\/wp-json\/wp\/v2\/pages\/529\/revisions"}],"predecessor-version":[{"id":14242,"href":"https:\/\/clinicasadventistas.org\/index.php\/wp-json\/wp\/v2\/pages\/529\/revisions\/14242"}],"wp:attachment":[{"href":"https:\/\/clinicasadventistas.org\/index.php\/wp-json\/wp\/v2\/media?parent=529"}],"curies":[{"name":"wp","href":"https:\/\/api.w.org\/{rel}","templated":true}]}}